{"id":8923,"date":"2022-08-14T19:59:56","date_gmt":"2022-08-14T19:59:56","guid":{"rendered":"https:\/\/wegomarkets.com\/?page_id=8923"},"modified":"2022-08-14T20:09:13","modified_gmt":"2022-08-14T20:09:13","slug":"%d8%b7%d9%84%d8%a8-%d8%a7%d8%b3%d8%aa%d8%b4%d8%a7%d8%b1%d8%a9","status":"publish","type":"page","link":"https:\/\/wegomarkets.com\/?page_id=8923&lang=ar","title":{"rendered":"\u0637\u0644\u0628 \u0627\u0633\u062a\u0634\u0627\u0631\u0629"},"content":{"rendered":"\t\t<div data-elementor-type=\"wp-page\" data-elementor-id=\"8923\" class=\"elementor elementor-8923\">\n\t\t\t\t\t\t\t\t\t<section class=\"elementor-section elementor-top-section elementor-element elementor-element-47ee1fa elementor-section-boxed elementor-section-height-default elementor-section-height-default wpr-particle-no wpr-jarallax-no wpr-parallax-no wpr-sticky-section-no\" data-id=\"47ee1fa\" data-element_type=\"section\">\n\t\t\t\t\t\t<div class=\"elementor-container elementor-column-gap-default\">\n\t\t\t\t\t<div class=\"elementor-column elementor-col-33 elementor-top-column elementor-element elementor-element-d5d6a9a\" data-id=\"d5d6a9a\" data-element_type=\"column\" data-settings=\"{&quot;background_background&quot;:&quot;classic&quot;}\">\n\t\t\t<div class=\"elementor-widget-wrap elementor-element-populated\">\n\t\t\t\t\t\t\t\t<div class=\"elementor-element elementor-element-19497ad elementor-widget elementor-widget-vc_custom_heading\" data-id=\"19497ad\" data-element_type=\"widget\" data-widget_type=\"vc_custom_heading.default\">\n\t\t\t\t<div class=\"elementor-widget-container\">\n\t\t\t<div class=\" vc_custom_heading  consulting_heading_font  text_align_center\" ><h4 style=\"color: #ffffff;text-align: center;font-weight:700\" class=\"consulting-custom-title\">\u0637\u0644\u0628 \u0627\u0633\u062a\u0634\u0627\u0631\u0629\n<\/h4><\/div>\t\t<\/div>\n\t\t\t\t<\/div>\n\t\t\t\t<div class=\"elementor-element elementor-element-c0b9b7b elementor-widget elementor-widget-stm_contact_form_7\" data-id=\"c0b9b7b\" data-element_type=\"widget\" data-widget_type=\"stm_contact_form_7.default\">\n\t\t\t\t<div class=\"elementor-widget-container\">\n\t\t\t<div role=\"form\" class=\"wpcf7\" id=\"wpcf7-f8932-o1\" lang=\"en-US\" dir=\"ltr\">\n<div class=\"screen-reader-response\"><p role=\"status\" aria-live=\"polite\" aria-atomic=\"true\"><\/p> <ul><\/ul><\/div>\n<form action=\"\/index.php?rest_route=%2Fwp%2Fv2%2Fpages%2F8923#wpcf7-f8932-o1\" method=\"post\" class=\"wpcf7-form init\" novalidate=\"novalidate\" data-status=\"init\">\n<div style=\"display: none;\">\n<input type=\"hidden\" name=\"_wpcf7\" value=\"8932\" \/>\n<input type=\"hidden\" name=\"_wpcf7_version\" value=\"5.6.4\" \/>\n<input type=\"hidden\" name=\"_wpcf7_locale\" value=\"en_US\" \/>\n<input type=\"hidden\" name=\"_wpcf7_unit_tag\" value=\"wpcf7-f8932-o1\" \/>\n<input type=\"hidden\" name=\"_wpcf7_container_post\" value=\"0\" \/>\n<input type=\"hidden\" name=\"_wpcf7_posted_data_hash\" value=\"\" \/>\n<\/div>\n<div class=\"request_callback\">\n<div class=\"input-group\">\n            <span class=\"wpcf7-form-control-wrap\" data-name=\"subject\"><input type=\"text\" name=\"subject\" value=\"\" size=\"40\" class=\"wpcf7-form-control wpcf7-text wpcf7-validates-as-required\" aria-required=\"true\" aria-invalid=\"false\" placeholder=\"\u0627\u0644\u0639\u0646\u0648\u0627\u0646*\" \/><\/span>\n        <\/div>\n<div class=\"input-group\">\n            <span class=\"wpcf7-form-control-wrap\" data-name=\"message\"><textarea name=\"message\" cols=\"40\" rows=\"10\" class=\"wpcf7-form-control wpcf7-textarea wpcf7-validates-as-required height147\" aria-required=\"true\" aria-invalid=\"false\" placeholder=\"\u0631\u0633\u0627\u0644\u062a\u0643 *\"><\/textarea><\/span>\n        <\/div>\n<div class=\"input-group\">\n            <span class=\"wpcf7-form-control-wrap\" data-name=\"text-name\"><input type=\"text\" name=\"text-name\" value=\"\" size=\"40\" class=\"wpcf7-form-control wpcf7-text wpcf7-validates-as-required\" aria-required=\"true\" aria-invalid=\"false\" placeholder=\"\u0627\u0644\u0627\u0633\u0645*\" \/><\/span>\n        <\/div>\n<div class=\"input-group\">\n            <span class=\"wpcf7-form-control-wrap\" data-name=\"email\"><input type=\"email\" name=\"email\" value=\"\" size=\"40\" class=\"wpcf7-form-control wpcf7-text wpcf7-email wpcf7-validates-as-required wpcf7-validates-as-email\" aria-required=\"true\" aria-invalid=\"false\" placeholder=\"\u0627\u0644\u0628\u0631\u064a\u062f \u0627\u0644\u0627\u0644\u0643\u062a\u0631\u0648\u0646\u064a *\" \/><\/span>\n        <\/div>\n<div class=\"input-group\">\n            <button type=\"submit\" class=\"button size-lg icon_right\">\u0627\u0631\u0633\u0627\u0644<i class=\"fa fa-chevron-right\"><\/i><\/button>\n        <\/div>\n<\/div>\n<div class=\"wpcf7-response-output\" aria-hidden=\"true\"><\/div><\/form><\/div>\t\t<\/div>\n\t\t\t\t<\/div>\n\t\t\t\t\t<\/div>\n\t\t<\/div>\n\t\t\t\t<div class=\"elementor-column elementor-col-66 elementor-top-column elementor-element elementor-element-86281ed\" data-id=\"86281ed\" data-element_type=\"column\">\n\t\t\t<div class=\"elementor-widget-wrap elementor-element-populated\">\n\t\t\t\t\t\t\t\t<div class=\"elementor-element elementor-element-e4d85a6 elementor-widget elementor-widget-text-editor\" data-id=\"e4d85a6\" data-element_type=\"widget\" data-widget_type=\"text-editor.default\">\n\t\t\t\t<div class=\"elementor-widget-container\">\n\t\t\t<style>\/*! elementor - v3.8.0 - 30-10-2022 *\/\n.elementor-widget-text-editor.elementor-drop-cap-view-stacked .elementor-drop-cap{background-color:#818a91;color:#fff}.elementor-widget-text-editor.elementor-drop-cap-view-framed .elementor-drop-cap{color:#818a91;border:3px solid;background-color:transparent}.elementor-widget-text-editor:not(.elementor-drop-cap-view-default) .elementor-drop-cap{margin-top:8px}.elementor-widget-text-editor:not(.elementor-drop-cap-view-default) .elementor-drop-cap-letter{width:1em;height:1em}.elementor-widget-text-editor .elementor-drop-cap{float:left;text-align:center;line-height:1;font-size:50px}.elementor-widget-text-editor .elementor-drop-cap-letter{display:inline-block}<\/style>\t\t\t\t<p>\u064a\u0631\u062c\u0649 \u0625\u0639\u0644\u0627\u0645\u0646\u0627 \u0625\u0630\u0627 \u0643\u0627\u0646 \u0644\u062f\u064a\u0643 \u0633\u0624\u0627\u0644 \u0623\u0648 \u062a\u0631\u064a\u062f \u062a\u0631\u0643 \u062a\u0639\u0644\u064a\u0642 \u0623\u0648 \u062a\u0631\u063a\u0628 \u0641\u064a \u0627\u0644\u062d\u0635\u0648\u0644 \u0639\u0644\u0649 \u0645\u0632\u064a\u062f \u0645\u0646 \u0627\u0644\u0645\u0639\u0644\u0648\u0645\u0627\u062a \u062d\u0648\u0644 WegoMarkets<\/p>\n\t\t\t\t\t\t<\/div>\n\t\t\t\t<\/div>\n\t\t\t\t<div class=\"elementor-element elementor-element-2983d98 elementor-widget elementor-widget-vc_custom_heading\" data-id=\"2983d98\" data-element_type=\"widget\" data-widget_type=\"vc_custom_heading.default\">\n\t\t\t\t<div class=\"elementor-widget-container\">\n\t\t\t<div class=\" vc_custom_heading border_base_color consulting_heading_font  text_align_center title_no_stripe\" ><h3 style=\"font-size: 20px;color: #222222;text-align: center;line-height: 45px;font-weight:700\" class=\"consulting-custom-title\">\u0645\u0639\u0644\u0648\u0645\u0627\u062a \u0627\u0644\u062a\u0648\u0627\u0635\u0644\n<\/h3><\/div>\t\t<\/div>\n\t\t\t\t<\/div>\n\t\t\t\t<section class=\"elementor-section elementor-inner-section elementor-element elementor-element-2db7b30 elementor-section-boxed elementor-section-height-default elementor-section-height-default wpr-particle-no wpr-jarallax-no wpr-parallax-no wpr-sticky-section-no\" data-id=\"2db7b30\" data-element_type=\"section\">\n\t\t\t\t\t\t<div class=\"elementor-container elementor-column-gap-default\">\n\t\t\t\t\t<div class=\"elementor-column elementor-col-50 elementor-inner-column elementor-element elementor-element-9687a48\" data-id=\"9687a48\" data-element_type=\"column\">\n\t\t\t<div class=\"elementor-widget-wrap elementor-element-populated\">\n\t\t\t\t\t\t\t\t<div class=\"elementor-element elementor-element-7fba00f elementor-widget elementor-widget-stm_contacts_widget\" data-id=\"7fba00f\" data-element_type=\"widget\" data-widget_type=\"stm_contacts_widget.default\">\n\t\t\t\t<div class=\"elementor-widget-container\">\n\t\t\t\n<div class=\"stm_contacts_widget consulting_elementor_contacts_widget style_4 \">\n    \n    \n    \n        <ul>\n                            <li>\n                    <div class=\"icon\"><i class=\"fa fa-map-marker\"><\/i><\/div>\n                    <div class=\"text\">\u00a0Oru\u00e7reis Mah TekstilkentTicaret Merkezi 10-Z(B10)Blok Kap\u0131 No: 101-102 Esenler, \u0130stanbul<\/div>\n                <\/li>\n                                        <li>\n                    <div class=\"icon\"><i class=\"fa fa-phone\"><\/i><\/div>\n                    <div class=\"text\">\n                        \u200e+90 539 515 45 55                                            <\/div>\n                <\/li>\n                                                    <li>\n                    <div class=\"icon\"><i class=\"fa fa-envelope\"><\/i><\/div>\n                    <div class=\"text\"><a href=\"mailto:&#105;&#110;&#102;o&#64;weg&#111;&#109;a&#114;&#107;e&#116;s&#46;&#99;o&#109;\">&#105;nf&#111;&#64;we&#103;&#111;&#109;&#97;&#114;&#107;et&#115;&#46;&#99;&#111;m<\/a><\/div>\n                <\/li>\n                                <\/ul>\n        \n    \n<\/div>\t\t<\/div>\n\t\t\t\t<\/div>\n\t\t\t\t\t<\/div>\n\t\t<\/div>\n\t\t\t\t<div class=\"elementor-column elementor-col-50 elementor-inner-column elementor-element elementor-element-d055b62\" data-id=\"d055b62\" data-element_type=\"column\">\n\t\t\t<div class=\"elementor-widget-wrap elementor-element-populated\">\n\t\t\t\t\t\t\t\t<div class=\"elementor-element elementor-element-c7febbf elementor-widget elementor-widget-stm_contacts_widget\" data-id=\"c7febbf\" data-element_type=\"widget\" data-widget_type=\"stm_contacts_widget.default\">\n\t\t\t\t<div class=\"elementor-widget-container\">\n\t\t\t\n<div class=\"stm_contacts_widget consulting_elementor_contacts_widget style_4 \">\n    \n    \n    \n        <ul>\n                                                                            <li>\n                    <div class=\"icon\"><i class=\"fa fa-clock-o\" aria-hidden=\"true\"><\/i><\/div>\n                    <div class=\"text\">\u0645\u0646 \u0627\u0644\u0625\u062b\u0646\u064a\u0646 \u062d\u062a\u0649 \u0627\u0644\u062c\u0645\u0639\u0629 \u0645\u0646 \u0627\u0644\u0633\u0627\u0639\u0629 9 \u0635\u0628\u0627\u062d\u0627 \u062d\u062a\u0649 5 \u0645\u0633\u0627\u0621\u0627<br>\n\u0627\u0644\u0627\u062d\u062f : \u0645\u063a\u0644\u0642<br>\n\u0627\u0644\u0633\u0628\u062a:\u0645\u063a\u0644\u0642<\/div>\n                <\/li>\n                    <\/ul>\n        \n    \n<\/div>\t\t<\/div>\n\t\t\t\t<\/div>\n\t\t\t\t\t<\/div>\n\t\t<\/div>\n\t\t\t\t\t\t\t<\/div>\n\t\t<\/section>\n\t\t\t\t\t<\/div>\n\t\t<\/div>\n\t\t\t\t\t\t\t<\/div>\n\t\t<\/section>\n\t\t\t\t<section class=\"elementor-section elementor-top-section elementor-element elementor-element-cccf2ea elementor-section-full_width elementor-section-height-default elementor-section-height-default wpr-particle-no wpr-jarallax-no wpr-parallax-no wpr-sticky-section-no\" data-id=\"cccf2ea\" data-element_type=\"section\" data-settings=\"{&quot;background_background&quot;:&quot;classic&quot;}\">\n\t\t\t\t\t\t<div class=\"elementor-container elementor-column-gap-no\">\n\t\t\t\t\t<div class=\"elementor-column elementor-col-100 elementor-top-column elementor-element elementor-element-cccf934\" data-id=\"cccf934\" data-element_type=\"column\">\n\t\t\t<div class=\"elementor-widget-wrap elementor-element-populated\">\n\t\t\t\t\t\t\t\t<div class=\"elementor-element elementor-element-cccfe84 elementor-widget elementor-widget-google_maps\" data-id=\"cccfe84\" data-element_type=\"widget\" data-widget_type=\"google_maps.default\">\n\t\t\t\t<div class=\"elementor-widget-container\">\n\t\t\t<style>\/*! elementor - v3.8.0 - 30-10-2022 *\/\n.elementor-widget-google_maps .elementor-widget-container{overflow:hidden}.elementor-widget-google_maps iframe{height:300px}<\/style>\t\t<div class=\"elementor-custom-embed\">\n\t\t\t<iframe frameborder=\"0\" scrolling=\"no\" marginheight=\"0\" marginwidth=\"0\"\n\t\t\t\t\tsrc=\"https:\/\/maps.google.com\/maps?q=Blok%20Kap%C4%B1%20No%3A%20101-102%20Esenler%2C%20%C4%B0stanbul&#038;t=m&#038;z=10&#038;output=embed&#038;iwloc=near\"\n\t\t\t\t\ttitle=\"Blok Kap\u0131 No: 101-102 Esenler, \u0130stanbul\"\n\t\t\t\t\taria-label=\"Blok Kap\u0131 No: 101-102 Esenler, \u0130stanbul\"\n\t\t\t><\/iframe>\n\t\t<\/div>\n\t\t\t\t<\/div>\n\t\t\t\t<\/div>\n\t\t\t\t\t<\/div>\n\t\t<\/div>\n\t\t\t\t\t\t\t<\/div>\n\t\t<\/section>\n\t\t\t\t\t\t\t<\/div>\n\t\t","protected":false},"excerpt":{"rendered":"<p>\u0637\u0644\u0628 \u0627\u0633\u062a\u0634\u0627\u0631\u0629 \u0627\u0631\u0633\u0627\u0644 \u064a\u0631\u062c\u0649 \u0625\u0639\u0644\u0627\u0645\u0646\u0627 \u0625\u0630\u0627 \u0643\u0627\u0646 \u0644\u062f\u064a\u0643 \u0633\u0624\u0627\u0644 \u0623\u0648 \u062a\u0631\u064a\u062f \u062a\u0631\u0643 \u062a\u0639\u0644\u064a\u0642 \u0623\u0648 \u062a\u0631\u063a\u0628 \u0641\u064a \u0627\u0644\u062d\u0635\u0648\u0644 \u0639\u0644\u0649 \u0645\u0632\u064a\u062f \u0645\u0646 \u0627\u0644\u0645\u0639\u0644\u0648\u0645\u0627\u062a \u062d\u0648\u0644 WegoMarkets \u0645\u0639\u0644\u0648\u0645\u0627\u062a \u0627\u0644\u062a\u0648\u0627\u0635\u0644 \u00a0Oru\u00e7reis Mah TekstilkentTicaret Merkezi 10-Z(B10)Blok Kap\u0131 No: 101-102 Esenler, \u0130stanbul \u200e+90 539 515 45 55 &#105;&#110;&#102;o&#64;&#119;&#101;g&#111;m&#97;&#114;&#107;ets&#46;c&#111;&#109; \u0645\u0646 \u0627\u0644\u0625\u062b\u0646\u064a\u0646 \u062d\u062a\u0649 \u0627\u0644\u062c\u0645\u0639\u0629 \u0645\u0646 \u0627\u0644\u0633\u0627\u0639\u0629 9 \u0635\u0628\u0627\u062d\u0627 \u062d\u062a\u0649 5 \u0645\u0633\u0627\u0621\u0627 \u0627\u0644\u0627\u062d\u062f : \u0645\u063a\u0644\u0642<\/p>\n","protected":false},"author":1,"featured_media":0,"parent":0,"menu_order":0,"comment_status":"closed","ping_status":"closed","template":"","meta":{"footnotes":""},"class_list":["post-8923","page","type-page","status-publish","hentry"],"_links":{"self":[{"href":"https:\/\/wegomarkets.com\/index.php?rest_route=\/wp\/v2\/pages\/8923","targetHints":{"allow":["GET"]}}],"collection":[{"href":"https:\/\/wegomarkets.com\/index.php?rest_route=\/wp\/v2\/pages"}],"about":[{"href":"https:\/\/wegomarkets.com\/index.php?rest_route=\/wp\/v2\/types\/page"}],"author":[{"embeddable":true,"href":"https:\/\/wegomarkets.com\/index.php?rest_route=\/wp\/v2\/users\/1"}],"replies":[{"embeddable":true,"href":"https:\/\/wegomarkets.com\/index.php?rest_route=%2Fwp%2Fv2%2Fcomments&post=8923"}],"version-history":[{"count":10,"href":"https:\/\/wegomarkets.com\/index.php?rest_route=\/wp\/v2\/pages\/8923\/revisions"}],"predecessor-version":[{"id":8935,"href":"https:\/\/wegomarkets.com\/index.php?rest_route=\/wp\/v2\/pages\/8923\/revisions\/8935"}],"wp:attachment":[{"href":"https:\/\/wegomarkets.com\/index.php?rest_route=%2Fwp%2Fv2%2Fmedia&parent=8923"}],"curies":[{"name":"wp","href":"https:\/\/api.w.org\/{rel}","templated":true}]}}